{"id":1376,"date":"2018-04-17T22:09:11","date_gmt":"2018-04-17T20:09:11","guid":{"rendered":"https:\/\/vantablack.eu\/?page_id=1376"},"modified":"2019-09-15T16:52:27","modified_gmt":"2019-09-15T16:52:27","slug":"transfert-aeroport","status":"publish","type":"page","link":"https:\/\/wpdemo.kimarotec.net\/luxury-vtc-theme\/fr\/transfert-aeroport\/","title":{"rendered":"Transfert A\u00e9roport"},"content":{"rendered":"<div class=\"wpb-content-wrapper\"><p>[vc_row css=\u00a0\u00bb.vc_custom_1568566342177{padding-top: 50px !important;padding-bottom: 50px !important;background-image: url(https:\/\/vtc-prestige-premium.com\/wp-content\/uploads\/2018\/06\/Aeroporto_di_Tolosa_Blagnac.jpg?id=2114) !important;background-position: center !important;background-repeat: no-repeat !important;background-size: cover !important;}\u00a0\u00bb][vc_column css=\u00a0\u00bb.vc_custom_1523973182476{margin-top: 100px !important;}\u00a0\u00bb][vc_custom_heading text=\u00a0\u00bbTransfert a\u00e9roport\u00a0\u00bb font_container=\u00a0\u00bbtag:h1|font_size:50|text_align:center|color:%23ffffff\u00a0\u00bb google_fonts=\u00a0\u00bbfont_family:Open%20Sans%3A300%2C300italic%2Cregular%2Citalic%2C600%2C600italic%2C700%2C700italic%2C800%2C800italic|font_style:800%20bold%20regular%3A800%3Anormal\u00a0\u00bb][vc_separator color=\u00a0\u00bbcustom\u00a0\u00bb border_width=\u00a0\u00bb2&Prime; el_width=\u00a0\u00bb10&Prime; accent_color=\u00a0\u00bb#bd9642&Prime;][vc_column_text css=\u00a0\u00bb.vc_custom_1528899542274{margin-top: -25px !important;}\u00a0\u00bb]<\/p>\n<p class=\"subtitle-lvl1\" style=\"text-align: center;\"><span style=\"font-family: 'trebuchet ms', geneva, sans-serif; color: #ffffff;\"><span style=\"font-size: 18pt;\">Vous souhaitez vous rendre \u00e0 l&rsquo;A\u00e9roport de Toulouse Blagnac<\/span><span style=\"font-size: 18pt;\"><br \/>\n<\/span><span style=\"font-size: 18pt;\">Nous mettons \u00e0 votre disposition des moyens de transport pratiques<\/span><span style=\"font-size: 18pt;\"><br \/>\npour relier l&rsquo;a\u00e9roport et votre domicile ou votre bureau<\/span><\/span><\/p>\n<p>[\/vc_column_text][\/vc_column][\/vc_row][vc_row el_class=\u00a0\u00bbcontainer\u00a0\u00bb][vc_column width=\u00a0\u00bb2\/3&Prime;][vc_column_text]<\/p>\n<h2><span style=\"font-family: arial, helvetica, sans-serif; color: #000000;\"><strong><span style=\"font-size: 18pt;\">Pour une arriv\u00e9e sereine \u00e0 l&rsquo;a\u00e9roport<\/span><\/strong><\/span><\/h2>\n<p>[\/vc_column_text][vc_separator color=\u00a0\u00bbcustom\u00a0\u00bb align=\u00a0\u00bbalign_left\u00a0\u00bb border_width=\u00a0\u00bb2&Prime; el_width=\u00a0\u00bb10&Prime; css=\u00a0\u00bb.vc_custom_1524139363107{margin-top: -25px !important;}\u00a0\u00bb accent_color=\u00a0\u00bb#bd9642&Prime;][vc_column_text]<span style=\"color: #000000; font-size: 12pt;\">Voyagez sereinement avec un Chauffeur Priv\u00e9 : pas de compteur qui tourne, aucun suppl\u00e9ment de tarif et n&rsquo;attendez plus votre tour dans la file des Taxis.<\/span><br \/>\n<span style=\"color: #000000; font-size: 12pt;\"><strong>Vous arrivez \u00e0 l&rsquo;a\u00e9roport?\u00a0<\/strong>Un chauffeur vous attend avec une pancarte nominative \u00e0 la sortie douane et nous portons vos valises jusqu&rsquo;au v\u00e9hicule.<\/span><br \/>\n<span style=\"color: #000000; font-size: 12pt;\"><strong>Vous allez \u00e0 l&rsquo;a\u00e9roport?\u00a0<\/strong>Programmez l&rsquo;arriv\u00e9e d&rsquo;un chauffeur chez vous ou dans votre h\u00f4tel.<\/span><\/p>\n<p><span style=\"color: #000000; font-size: 12pt;\">Nous proposons un service haut de gamme, discret et personnalis\u00e9 avec un Chauffeur VTC.<\/span><br \/>\n<span style=\"color: #000000; font-size: 12pt;\">Votre avion est en retard! Pas de panique, nous adaptons l&rsquo;horaire de votre transfert au retard de votre vol. N&rsquo;oubliez pas de nous indiquer lors de votre r\u00e9servation, votre num\u00e9ro de vol.<\/span>[\/vc_column_text][vc_column_text]<\/p>\n<h3><span style=\"color: #000000; font-size: 14pt;\"><strong>R\u00e9servation en quelques clics<\/strong><\/span><\/h3>\n<p><span style=\"color: #000000; font-size: 12pt;\"><strong>Plusieurs moyens de r\u00e9servation \u00e0 votre disposition :<\/strong><\/span><\/p>\n<ul style=\"list-style-type: square;\">\n<li><span style=\"color: #000000; font-size: 12pt;\">R\u00e9servation par t\u00e9l\u00e9phone<\/span><\/li>\n<li><span style=\"color: #000000; font-size: 12pt;\">R\u00e9servation par email<\/span><\/li>\n<li><span style=\"color: #000000; font-size: 12pt;\">R\u00e9servation via internet ou votre mobile<\/span><\/li>\n<\/ul>\n<p><span style=\"color: #000000; font-size: 12pt;\"><strong>Plusieurs moyens de paiement \u00e0 votre disposition<\/strong><\/span><\/p>\n<ul style=\"list-style-type: square;\">\n<li><span style=\"color: #000000; font-size: 12pt;\">Paiement Carte Bancaire (CB) en ligne ou \u00e0 bord<\/span><\/li>\n<li><span style=\"color: #000000; font-size: 12pt;\">Paiement en esp\u00e8ce \u00e0 bord de nos v\u00e9hicules\u00a0<\/span><\/li>\n<li><span style=\"color: #000000; font-size: 12pt;\">Virement Bancaire \u00ab\u00a0uniquement pour les entreprises\u00a0\u00bb\u00a0<\/span><\/li>\n<\/ul>\n<p><span style=\"color: #000000; font-size: 12pt;\"> \u00a0 \u00a0<\/span>[\/vc_column_text][vc_row_inner][vc_column_inner width=\u00a0\u00bb1\/2&Prime;][\/vc_column_inner][vc_column_inner width=\u00a0\u00bb1\/2&Prime;][\/vc_column_inner][\/vc_row_inner][\/vc_column][vc_column width=\u00a0\u00bb1\/3&Prime;][vc_row_inner][vc_column_inner width=\u00a0\u00bb1\/4&Prime; offset=\u00a0\u00bbvc_hidden-xs\u00a0\u00bb][vc_icon icon_fontawesome=\u00a0\u00bbfa fa-check-circle-o\u00a0\u00bb color=\u00a0\u00bbcustom\u00a0\u00bb size=\u00a0\u00bblg\u00a0\u00bb custom_color=\u00a0\u00bb#bd9642&Prime;][\/vc_column_inner][vc_column_inner width=\u00a0\u00bb3\/4&Prime;][vc_column_text]<span style=\"color: #000000;\"><strong>Service \u00e0 bord<\/strong><\/span><br \/>\nNous\u00a0 proposons toute une gamme de services \u00e0 bord : (CB) \u00e0 bord,\u00a0 Rafraichissement, acc\u00e8s internet wifi, chargeur mobile, magazines, un si\u00e8ge enfant si besoin.[\/vc_column_text][\/vc_column_inner][\/vc_row_inner][vc_separator style=\u00a0\u00bbdashed\u00a0\u00bb][vc_row_inner][vc_column_inner width=\u00a0\u00bb1\/4&Prime; offset=\u00a0\u00bbvc_hidden-xs\u00a0\u00bb][vc_icon icon_fontawesome=\u00a0\u00bbfa fa-check-circle-o\u00a0\u00bb color=\u00a0\u00bbcustom\u00a0\u00bb size=\u00a0\u00bblg\u00a0\u00bb custom_color=\u00a0\u00bb#bd9642&Prime;][\/vc_column_inner][vc_column_inner width=\u00a0\u00bb3\/4&Prime;][vc_column_text]<span style=\"color: #000000;\"><strong>S\u00e9curite<\/strong><\/span><br \/>\nVotre s\u00e9curit\u00e9 est notre priorit\u00e9. Nos chauffeurs sont de v\u00e9ritables experts de la route et nos v\u00e9hicules parfaitement entretenus.[\/vc_column_text][\/vc_column_inner][\/vc_row_inner][vc_separator style=\u00a0\u00bbdashed\u00a0\u00bb][vc_row_inner][vc_column_inner width=\u00a0\u00bb1\/4&Prime; offset=\u00a0\u00bbvc_hidden-xs\u00a0\u00bb][vc_icon icon_fontawesome=\u00a0\u00bbfa fa-check-circle-o\u00a0\u00bb color=\u00a0\u00bbcustom\u00a0\u00bb size=\u00a0\u00bblg\u00a0\u00bb custom_color=\u00a0\u00bb#bd9642&Prime;][\/vc_column_inner][vc_column_inner width=\u00a0\u00bb3\/4&Prime;][vc_column_text]<strong><span style=\"color: #000000;\">VTC : Tarif maitris\u00e9<\/span><br \/>\n<\/strong>Contrairement \u00e0 un taxi, il n&rsquo;y a pas de compteur qui tourne. Le tarif d&rsquo;une course est connu et fix\u00e9, \u00e0 l&rsquo;avance, pas de surprise ![\/vc_column_text][\/vc_column_inner][\/vc_row_inner][vc_separator style=\u00a0\u00bbdashed\u00a0\u00bb][vc_row_inner][vc_column_inner width=\u00a0\u00bb1\/4&Prime; offset=\u00a0\u00bbvc_hidden-xs\u00a0\u00bb][vc_icon icon_fontawesome=\u00a0\u00bbfa fa-check-circle-o\u00a0\u00bb color=\u00a0\u00bbcustom\u00a0\u00bb size=\u00a0\u00bblg\u00a0\u00bb custom_color=\u00a0\u00bb#bd9642&Prime;][\/vc_column_inner][vc_column_inner width=\u00a0\u00bb3\/4&Prime;][vc_column_text]<strong><span style=\"color: #000000;\">Courtoisie, discr\u00e9tion et convivialit\u00e9<br \/>\n<\/span><\/strong><span style=\"color: #808080;\">Nos chauffeurs sont courtois et nous avons \u00e0 c\u0153ur de faire de votre transfert un moment agr\u00e9able. Nous connaissons vos habitudes et savons en tenir compte.<\/span>[\/vc_column_text][\/vc_column_inner][\/vc_row_inner][\/vc_column][\/vc_row][vc_row css=\u00a0\u00bb.vc_custom_1525114454255{padding-top: 50px !important;padding-bottom: 50px !important;background-image: url(https:\/\/vantablack.eu\/wp-content\/uploads\/2018\/04\/chauffeur-vtc-port-monaco.jpg?id=1427) !important;background-position: center !important;background-repeat: no-repeat !important;background-size: cover !important;}\u00a0\u00bb][vc_column width=\u00a0\u00bb2\/3&Prime;][vc_column_text]<\/p>\n<p style=\"text-align: center;\"><span style=\"color: #ffffff; font-size: 24pt;\"><strong>R\u00e9servez votre chauffeur !<\/strong><\/span><\/p>\n<p>[\/vc_column_text][\/vc_column][vc_column width=\u00a0\u00bb1\/3&Prime;][vc_btn title=\u00a0\u00bbR\u00c9SERVEZ EN LIGNE\u00a0\u00bb style=\u00a0\u00bboutline-custom\u00a0\u00bb outline_custom_color=\u00a0\u00bb#ffffff\u00a0\u00bb outline_custom_hover_background=\u00a0\u00bb#ffffff\u00a0\u00bb outline_custom_hover_text=\u00a0\u00bb#000000&Prime; shape=\u00a0\u00bbsquare\u00a0\u00bb size=\u00a0\u00bblg\u00a0\u00bb align=\u00a0\u00bbcenter\u00a0\u00bb link=\u00a0\u00bburl:http%3A%2F%2Fwpdemo.kimarotec.net%2Fluxury-vtc-theme%2Ffr%2Fcontactez-nous%2F|||\u00a0\u00bb][\/vc_column][\/vc_row]<\/p>\n<\/div>","protected":false},"excerpt":{"rendered":"<p>[vc_row css=\u00a0\u00bb.vc_custom_1568566342177{padding-top: 50px !important;padding-bottom: 50px !important;background-image: url(https:\/\/vtc-prestige-premium.com\/wp-content\/uploads\/2018\/06\/Aeroporto_di_Tolosa_Blagnac.jpg?id=2114) !important;background-position: center !important;background-repeat: no-repeat !important;background-size: cover !important;}\u00a0\u00bb][vc_column css=\u00a0\u00bb.vc_custom_1523973182476{margin-top: 100px !important;}\u00a0\u00bb][vc_custom_heading text=\u00a0\u00bbTransfert a\u00e9roport\u00a0\u00bb font_container=\u00a0\u00bbtag:h1|font_size:50|text_align:center|color:%23ffffff\u00a0\u00bb google_fonts=\u00a0\u00bbfont_family:Open%20Sans%3A300%2C300italic%2Cregular%2Citalic%2C600%2C600italic%2C700%2C700italic%2C800%2C800italic|font_style:800%20bold%20regular%3A800%3Anormal\u00a0\u00bb][vc_separator color=\u00a0\u00bbcustom\u00a0\u00bb border_width=\u00a0\u00bb2&Prime; el_width=\u00a0\u00bb10&Prime; accent_color=\u00a0\u00bb#bd9642&Prime;][vc_column_text css=\u00a0\u00bb.vc_custom_1528899542274{margin-top: -25px !important;}\u00a0\u00bb] Vous souhaitez vous rendre \u00e0 l&rsquo;A\u00e9roport de Toulouse Blagnac Nous mettons \u00e0 votre disposition des moyens de transport pratiques pour relier l&rsquo;a\u00e9roport et votre domicile ou votre [&hellip;]<\/p>\n","protected":false},"author":1,"featured_media":0,"parent":0,"menu_order":0,"comment_status":"closed","ping_status":"closed","template":"home-page.php","meta":{"footnotes":""},"class_list":["post-1376","page","type-page","status-publish","hentry"],"_links":{"self":[{"href":"https:\/\/wpdemo.kimarotec.net\/luxury-vtc-theme\/fr\/wp-json\/wp\/v2\/pages\/1376"}],"collection":[{"href":"https:\/\/wpdemo.kimarotec.net\/luxury-vtc-theme\/fr\/wp-json\/wp\/v2\/pages"}],"about":[{"href":"https:\/\/wpdemo.kimarotec.net\/luxury-vtc-theme\/fr\/wp-json\/wp\/v2\/types\/page"}],"author":[{"embeddable":true,"href":"https:\/\/wpdemo.kimarotec.net\/luxury-vtc-theme\/fr\/wp-json\/wp\/v2\/users\/1"}],"replies":[{"embeddable":true,"href":"https:\/\/wpdemo.kimarotec.net\/luxury-vtc-theme\/fr\/wp-json\/wp\/v2\/comments?post=1376"}],"version-history":[{"count":0,"href":"https:\/\/wpdemo.kimarotec.net\/luxury-vtc-theme\/fr\/wp-json\/wp\/v2\/pages\/1376\/revisions"}],"wp:attachment":[{"href":"https:\/\/wpdemo.kimarotec.net\/luxury-vtc-theme\/fr\/wp-json\/wp\/v2\/media?parent=1376"}],"curies":[{"name":"wp","href":"https:\/\/api.w.org\/{rel}","templated":true}]}}