{"id":1463,"date":"2018-04-19T23:49:38","date_gmt":"2018-04-19T23:49:38","guid":{"rendered":"https:\/\/vantablack.eu\/?page_id=1463"},"modified":"2019-09-15T16:54:06","modified_gmt":"2019-09-15T16:54:06","slug":"solution-entreprise","status":"publish","type":"page","link":"https:\/\/wpdemo.kimarotec.net\/luxury-vtc-theme\/fr\/solution-entreprise\/","title":{"rendered":"Solution Entreprise"},"content":{"rendered":"<div class=\"wpb-content-wrapper\"><p>[vc_row gap=\u00a0\u00bb2&Prime; css=\u00a0\u00bb.vc_custom_1568566443446{padding-top: 50px !important;padding-bottom: 50px !important;background-image: url(http:\/\/wpdemo.kimarotec.net\/luxury-vtc-theme\/wp-content\/uploads\/2018\/08\/site-internet-vtc-offre-entreprise.jpg?id=2730) !important;background-position: center !important;background-repeat: no-repeat !important;background-size: cover !important;}\u00a0\u00bb][vc_column css=\u00a0\u00bb.vc_custom_1523973182476{margin-top: 100px !important;}\u00a0\u00bb][vc_custom_heading text=\u00a0\u00bbOffre entreprise\u00a0\u00bb font_container=\u00a0\u00bbtag:h1|font_size:50|text_align:center|color:%23ffffff\u00a0\u00bb google_fonts=\u00a0\u00bbfont_family:Open%20Sans%3A300%2C300italic%2Cregular%2Citalic%2C600%2C600italic%2C700%2C700italic%2C800%2C800italic|font_style:800%20bold%20regular%3A800%3Anormal\u00a0\u00bb][vc_separator color=\u00a0\u00bbcustom\u00a0\u00bb border_width=\u00a0\u00bb2&Prime; el_width=\u00a0\u00bb10&Prime; accent_color=\u00a0\u00bb#896b2c\u00a0\u00bb][vc_row_inner][vc_column_inner][vc_column_text][\/vc_column_text][\/vc_column_inner][\/vc_row_inner][\/vc_column][\/vc_row][vc_row el_class=\u00a0\u00bbcontainer\u00a0\u00bb][vc_column width=\u00a0\u00bb2\/3&Prime;][vc_row_inner][vc_column_inner][\/vc_column_inner][\/vc_row_inner][vc_row_inner][vc_column_inner][vc_column_text]<span style=\"color: #000000;\"><strong><span style=\"font-size: 18pt;\">Nous proposons un Service aux entreprises complet\u00a0<\/span><\/strong><\/span>[\/vc_column_text][vc_separator color=\u00a0\u00bbcustom\u00a0\u00bb align=\u00a0\u00bbalign_left\u00a0\u00bb border_width=\u00a0\u00bb2&Prime; el_width=\u00a0\u00bb10&Prime; css=\u00a0\u00bb.vc_custom_1524073243170{margin-top: -25px !important;}\u00a0\u00bb accent_color=\u00a0\u00bb#896b2c\u00a0\u00bb][\/vc_column_inner][\/vc_row_inner][vc_column_text]<span style=\"color: #000000; font-size: 12pt;\">Que vous soyez une petite soci\u00e9t\u00e9 ou un grand groupe, LUXURY VTC vous propose des solutions adapt\u00e9es pour organiser et superviser les d\u00e9placements de vos collaborateurs sur tous la france .<\/span>[\/vc_column_text][vc_row_inner][vc_column_inner][vc_column_text]<span style=\"color: #000000;\"><span style=\"font-size: 18.6667px;\"><b><span style=\"font-size: 12pt;\">Pour vos d\u00e9placements professionnels<\/span><br \/>\n<\/b><\/span><\/span><span style=\"color: #000000; font-size: 12pt;\">Nous vous proposons aujourd&rsquo;hui un nouveau regard sur vos d\u00e9placements professionnels.<\/span><br \/>\n<span style=\"color: #000000; font-size: 12pt;\">A partir d&rsquo;une relation bas\u00e9e sur la confiance et l&rsquo;expertise, nous mettons \u00e0 votre disposition un ensemble de services sur-mesure en fonction de vos besoins.<\/span><\/p>\n<p><span style=\"color: #000000; font-size: 14pt;\"><strong><span style=\"font-size: 12pt;\">Pour un \u00e9v\u00e8nement d&rsquo;entreprise<\/span><br \/>\n<\/strong><\/span><span style=\"color: #000000;\">Votre soci\u00e9t\u00e9 projette d&rsquo;organiser un \u00e9v\u00e8nement?<\/span><br \/>\n<span style=\"color: #000000;\">Faites appel \u00e0 nos services de VTC ! Nous planifions et organisons, tout les transferts et mise \u00e0 disposions pour vos collaborateurs ou vos clients. Profitez de nos tarifs \u00ab\u00a0Business solution\u00a0\u00bb avec un chauffeur VTC sp\u00e9cialement form\u00e9 pour cette fonction.<\/span>[\/vc_column_text][\/vc_column_inner][\/vc_row_inner][vc_row_inner][vc_column_inner][vc_column_text]<\/p>\n<h3><span style=\"font-size: 18pt; color: #000000;\">Les avantages\u00a0<strong>Business Solution<\/strong><\/span><\/h3>\n<p>[\/vc_column_text][vc_separator color=\u00a0\u00bbcustom\u00a0\u00bb align=\u00a0\u00bbalign_left\u00a0\u00bb border_width=\u00a0\u00bb2&Prime; el_width=\u00a0\u00bb10&Prime; accent_color=\u00a0\u00bb#9b7e1f\u00a0\u00bb][\/vc_column_inner][\/vc_row_inner][vc_row_inner][vc_column_inner width=\u00a0\u00bb1\/2&Prime;][vc_column_text]<\/p>\n<h4><strong><span style=\"font-size: 14pt; color: #000000;\">Exigez un service de qualit\u00e9<\/span><\/strong><\/h4>\n<p><span style=\"color: #000000; font-size: 12pt;\">Un service disponible sur la r\u00e9gion toulousaine.<\/span><br \/>\n<span style=\"color: #000000; font-size: 12pt;\">&#8211; Disponibilit\u00e9 24h\/24, 7j\/7 au plus proche de votre entreprise<\/span><br \/>\n<span style=\"color: #000000; font-size: 12pt;\">&#8211; R\u00e9servation 24h \u00e0 l&rsquo;avance<\/span><br \/>\n<span style=\"color: #000000; font-size: 12pt;\">&#8211; R\u00e9servation possible par : Mail, SMS, T\u00e9l\u00e9phone<\/span><\/p>\n<p><span style=\"color: #000000; font-size: 12pt;\">Des chauffeurs s\u00e9lectionn\u00e9s pour leur discr\u00e9tion et leur professionnalisme<\/span><\/p>\n<p><span style=\"color: #000000; font-size: 12pt;\">Un service optimis\u00e9 pour vos trajets A\u00e9roport<\/span><br \/>\n<span style=\"color: #000000; font-size: 12pt;\">&#8211; Accueil en sortie bagage avec Pancarte \/ Ipad au Nom de votre entreprise<\/span><br \/>\n<span style=\"color: #000000; font-size: 12pt;\">&#8211; Prise en compte automatique des retards de vol<\/span>[\/vc_column_text][\/vc_column_inner][vc_column_inner width=\u00a0\u00bb1\/2&Prime;][vc_column_text]<\/p>\n<h4><span style=\"color: #000000;\"><strong><span style=\"font-size: 14pt;\">Maitrisez vos co\u00fbts<\/span><\/strong><\/span><\/h4>\n<p><span style=\"color: #000000; font-size: 12pt;\">Pas de frais superflux<\/span><br \/>\n<span style=\"color: #000000; font-size: 12pt;\">&#8211; Pas de frais d&rsquo;approche<\/span><br \/>\n<span style=\"color: #000000; font-size: 12pt;\"><span style=\"color: #000000;\"><span style=\"color: #000000;\">&#8211; Attente gratuite 10 Minutes<\/span><\/span><\/span><br \/>\n<span style=\"color: #000000; font-size: 12pt;\"><br \/>\nPrix fixe annonc\u00e9s \u00e0 l&rsquo;avance<\/span><br \/>\n<span style=\"color: #000000; font-size: 12pt;\">&#8211; Pas de variation en fonction du trafic<\/span><\/p>\n<p><span style=\"color: #000000; font-size: 12pt;\">R\u00e9duction des co\u00fbts jusqu&rsquo;a 35% par rapport \u00e0 un taxi<\/span><br \/>\n<span style=\"color: #000000; font-size: 12pt;\">&#8211; Facturation \u00e0 la consommation uniquement<\/span><\/p>\n<p><span style=\"color: #000000; font-size: 12pt;\">Avantage \u00ab\u00a0BUSINESS SOLUTION\u00a0\u00bb<\/span><br \/>\n<span style=\"color: #000000; font-size: 12pt;\">&#8211; Profitez de 15% de remise pour chaque course<\/span><br \/>\n<span style=\"color: #000000; font-size: 12pt;\">&#8211; Priorit\u00e9 sur les cr\u00e9neaux de r\u00e9servations<\/span>[\/vc_column_text][\/vc_column_inner][\/vc_row_inner][\/vc_column][vc_column width=\u00a0\u00bb1\/3&Prime;][vc_row_inner][vc_column_inner width=\u00a0\u00bb1\/4&Prime; offset=\u00a0\u00bbvc_hidden-xs\u00a0\u00bb][vc_icon icon_fontawesome=\u00a0\u00bbfa fa-check-circle-o\u00a0\u00bb color=\u00a0\u00bbcustom\u00a0\u00bb custom_color=\u00a0\u00bb#bd9642&Prime;][\/vc_column_inner][vc_column_inner width=\u00a0\u00bb3\/4&Prime;][vc_column_text]<strong><span style=\"color: #000000;\">Service \u00e0 bord<\/span><br \/>\n<\/strong>Voyagez tout confort, nous proposons toute une gamme de services \u00e0 bord : Paiement \u00e0 bord par <strong>(CB)<\/strong>,Rafraichissement, acc\u00e8s internet wifi, chargeur mobile, magazines, si\u00e8ge enfant si besoin.[\/vc_column_text][\/vc_column_inner][\/vc_row_inner][vc_separator style=\u00a0\u00bbdashed\u00a0\u00bb][vc_row_inner][vc_column_inner width=\u00a0\u00bb1\/4&Prime; offset=\u00a0\u00bbvc_hidden-xs\u00a0\u00bb][vc_icon icon_fontawesome=\u00a0\u00bbfa fa-check-circle-o\u00a0\u00bb color=\u00a0\u00bbcustom\u00a0\u00bb custom_color=\u00a0\u00bb#bd9642&Prime;][\/vc_column_inner][vc_column_inner width=\u00a0\u00bb3\/4&Prime;][vc_column_text]<span style=\"color: #000000;\"><b>S\u00e9curit\u00e9<\/b><\/span><br \/>\nVotre s\u00e9curit\u00e9 est notre priorit\u00e9. Nos chauffeurs sont de v\u00e9ritables experts de la route et nos v\u00e9hicules parfaitement entretenus.[\/vc_column_text][\/vc_column_inner][\/vc_row_inner][vc_separator style=\u00a0\u00bbdashed\u00a0\u00bb][vc_row_inner][vc_column_inner width=\u00a0\u00bb1\/4&Prime; offset=\u00a0\u00bbvc_hidden-xs\u00a0\u00bb][vc_icon icon_fontawesome=\u00a0\u00bbfa fa-check-circle-o\u00a0\u00bb color=\u00a0\u00bbcustom\u00a0\u00bb custom_color=\u00a0\u00bb#bd9642&Prime;][\/vc_column_inner][vc_column_inner width=\u00a0\u00bb3\/4&Prime;][vc_column_text]<strong><span style=\"color: #000000;\">VTC : Tarif maitris\u00e9<\/span><br \/>\n<\/strong>Contrairement \u00e0 un taxi, vous n&rsquo;avez pas de compteur qui tourne. Le tarif d&rsquo;une course est connu et fix\u00e9, \u00e0 l&rsquo;avance, pas de mauvaise surprise ![\/vc_column_text][\/vc_column_inner][\/vc_row_inner][vc_separator style=\u00a0\u00bbdashed\u00a0\u00bb][vc_row_inner][vc_column_inner width=\u00a0\u00bb1\/4&Prime; offset=\u00a0\u00bbvc_hidden-xs\u00a0\u00bb][vc_icon icon_fontawesome=\u00a0\u00bbfa fa-check-circle-o\u00a0\u00bb color=\u00a0\u00bbcustom\u00a0\u00bb custom_color=\u00a0\u00bb#bd9642&Prime;][\/vc_column_inner][vc_column_inner width=\u00a0\u00bb3\/4&Prime;][vc_column_text]<strong><span style=\"color: #000000;\">Courtoisie, discr\u00e9tion et convivialit\u00e9<\/span><br \/>\n<\/strong>Nos chauffeurs sont courtois et nous avons \u00e0 coeur de faire de votre transfert un moment agr\u00e9able. Nous connaissons vos habitudes et savons en tenir compte.[\/vc_column_text][\/vc_column_inner][\/vc_row_inner][\/vc_column][\/vc_row][vc_row css=\u00a0\u00bb.vc_custom_1534757637675{padding-top: 50px !important;padding-bottom: 50px !important;background-image: url(http:\/\/wpdemo.kimarotec.net\/luxury-vtc-theme\/wp-content\/uploads\/2018\/08\/chauffeur-vtc-office-ConvertImage-3.jpg?id=2737) !important;background-position: center !important;background-repeat: no-repeat !important;background-size: cover !important;}\u00a0\u00bb][vc_column width=\u00a0\u00bb2\/3&Prime;][vc_column_text]<\/p>\n<p style=\"text-align: center;\"><span style=\"color: #ffffff; font-size: 24pt;\"><strong>Adh\u00e9rer \u00e0 notre offre entreprise<\/strong><\/span><\/p>\n<p>[\/vc_column_text][\/vc_column][vc_column width=\u00a0\u00bb1\/3&Prime;][vc_btn title=\u00a0\u00bbCONTACTEZ-NOUS\u00a0\u00bb style=\u00a0\u00bboutline-custom\u00a0\u00bb outline_custom_color=\u00a0\u00bb#ffffff\u00a0\u00bb outline_custom_hover_background=\u00a0\u00bb#ffffff\u00a0\u00bb outline_custom_hover_text=\u00a0\u00bb#000000&Prime; shape=\u00a0\u00bbsquare\u00a0\u00bb size=\u00a0\u00bblg\u00a0\u00bb align=\u00a0\u00bbcenter\u00a0\u00bb link=\u00a0\u00bburl:http%3A%2F%2Fwpdemo.kimarotec.net%2Fluxury-vtc-theme%2Ffr%2Fcontactez-nous%2F|||\u00a0\u00bb][\/vc_column][\/vc_row]<\/p>\n<\/div>","protected":false},"excerpt":{"rendered":"<p>[vc_row gap=\u00a0\u00bb2&Prime; css=\u00a0\u00bb.vc_custom_1568566443446{padding-top: 50px !important;padding-bottom: 50px !important;background-image: url(http:\/\/wpdemo.kimarotec.net\/luxury-vtc-theme\/wp-content\/uploads\/2018\/08\/site-internet-vtc-offre-entreprise.jpg?id=2730) !important;background-position: center !important;background-repeat: no-repeat !important;background-size: cover !important;}\u00a0\u00bb][vc_column css=\u00a0\u00bb.vc_custom_1523973182476{margin-top: 100px !important;}\u00a0\u00bb][vc_custom_heading text=\u00a0\u00bbOffre entreprise\u00a0\u00bb font_container=\u00a0\u00bbtag:h1|font_size:50|text_align:center|color:%23ffffff\u00a0\u00bb google_fonts=\u00a0\u00bbfont_family:Open%20Sans%3A300%2C300italic%2Cregular%2Citalic%2C600%2C600italic%2C700%2C700italic%2C800%2C800italic|font_style:800%20bold%20regular%3A800%3Anormal\u00a0\u00bb][vc_separator color=\u00a0\u00bbcustom\u00a0\u00bb border_width=\u00a0\u00bb2&Prime; el_width=\u00a0\u00bb10&Prime; accent_color=\u00a0\u00bb#896b2c\u00a0\u00bb][vc_row_inner][vc_column_inner][vc_column_text][\/vc_column_text][\/vc_column_inner][\/vc_row_inner][\/vc_column][\/vc_row][vc_row el_class=\u00a0\u00bbcontainer\u00a0\u00bb][vc_column width=\u00a0\u00bb2\/3&Prime;][vc_row_inner][vc_column_inner][\/vc_column_inner][\/vc_row_inner][vc_row_inner][vc_column_inner][vc_column_text]Nous proposons un Service aux entreprises complet\u00a0[\/vc_column_text][vc_separator color=\u00a0\u00bbcustom\u00a0\u00bb align=\u00a0\u00bbalign_left\u00a0\u00bb border_width=\u00a0\u00bb2&Prime; el_width=\u00a0\u00bb10&Prime; css=\u00a0\u00bb.vc_custom_1524073243170{margin-top: -25px !important;}\u00a0\u00bb accent_color=\u00a0\u00bb#896b2c\u00a0\u00bb][\/vc_column_inner][\/vc_row_inner][vc_column_text]Que vous soyez une petite soci\u00e9t\u00e9 ou un grand groupe, LUXURY VTC vous propose [&hellip;]<\/p>\n","protected":false},"author":1,"featured_media":0,"parent":0,"menu_order":0,"comment_status":"closed","ping_status":"closed","template":"home-page.php","meta":{"footnotes":""},"class_list":["post-1463","page","type-page","status-publish","hentry"],"_links":{"self":[{"href":"https:\/\/wpdemo.kimarotec.net\/luxury-vtc-theme\/fr\/wp-json\/wp\/v2\/pages\/1463"}],"collection":[{"href":"https:\/\/wpdemo.kimarotec.net\/luxury-vtc-theme\/fr\/wp-json\/wp\/v2\/pages"}],"about":[{"href":"https:\/\/wpdemo.kimarotec.net\/luxury-vtc-theme\/fr\/wp-json\/wp\/v2\/types\/page"}],"author":[{"embeddable":true,"href":"https:\/\/wpdemo.kimarotec.net\/luxury-vtc-theme\/fr\/wp-json\/wp\/v2\/users\/1"}],"replies":[{"embeddable":true,"href":"https:\/\/wpdemo.kimarotec.net\/luxury-vtc-theme\/fr\/wp-json\/wp\/v2\/comments?post=1463"}],"version-history":[{"count":0,"href":"https:\/\/wpdemo.kimarotec.net\/luxury-vtc-theme\/fr\/wp-json\/wp\/v2\/pages\/1463\/revisions"}],"wp:attachment":[{"href":"https:\/\/wpdemo.kimarotec.net\/luxury-vtc-theme\/fr\/wp-json\/wp\/v2\/media?parent=1463"}],"curies":[{"name":"wp","href":"https:\/\/api.w.org\/{rel}","templated":true}]}}