{"id":941,"date":"2017-03-08T15:31:38","date_gmt":"2017-03-08T15:31:38","guid":{"rendered":"http:\/\/wpdemo.kimarotec.net\/vtc-theme\/?page_id=941"},"modified":"2020-07-04T16:56:07","modified_gmt":"2020-07-04T16:56:07","slug":"faq","status":"publish","type":"page","link":"https:\/\/wpdemo.kimarotec.net\/riro-taxi-theme\/fr\/faq\/","title":{"rendered":"FAQ"},"content":{"rendered":"<div class=\"wpb-content-wrapper\"><p>[vc_row][vc_column][vc_row_inner el_class=&#8221;container&#8221; css=&#8221;.vc_custom_1461511058417{padding-top: 50px !important;padding-bottom: 30px !important;}&#8221;][vc_column_inner][vc_column_text]<div class=\"text-center\">\n                    <h2  class=\"wow fadeInLeft animated\">FAQ<\/h2>\n                    <div class=\"title-line wow fadeInRight animated\"><\/div>\n                    <\/div> [\/vc_column_text][\/vc_column_inner][\/vc_row_inner][\/vc_column][\/vc_row][vc_row el_class=&#8221;container fqp-page&#8221; css=&#8221;.vc_custom_1461511505988{padding-bottom: 50px !important;}&#8221;][vc_column width=&#8221;1\/2&#8243;][vc_tta_accordion active_section=&#8221;0&#8243;][vc_tta_section title=&#8221;Comment r\u00e9server un transfert ?&#8221; tab_id=&#8221;1461510208227-c158b435-a493&#8243;][vc_column_text]<\/p>\n<ol>\n<li>Sp\u00e9cifiez le lieu de d\u00e9part dans le champ &#8220;Lieu de prise en charge&#8221; et votre<\/li>\n<li>destination &#8211; dans le champ &#8220;Lieu de restitution&#8221;.<\/li>\n<li>Entrez votre date et heure de prise en charge.<\/li>\n<li>Cliquez sur le bouton &#8220;Rechercher&#8221;. Choisissez la classe de transfert appropri\u00e9e et cliquez sur \u00abR\u00e9server\u00bb pour proc\u00e9der \u00e0 la r\u00e9servation.<\/li>\n<li>S\u00e9lectionnez une pr\u00e9f\u00e9rence de voiture en fonction du nombre de passagers.<\/li>\n<li>Remplissez toutes les informations passagers requises dans le formulaire de r\u00e9servation, effectuez le paiement et vous avez termin\u00e9.<\/li>\n<\/ol>\n<p>[\/vc_column_text][\/vc_tta_section][vc_tta_section title=&#8221;Puis-je annuler ma r\u00e9servation ?&#8221; tab_id=&#8221;1461510209087-3d709661-2964&#8243;][vc_column_text]Yes you can! You can cancel your order up to 24hrs before your scheduled pickup time for a full refund[\/vc_column_text][\/vc_tta_section][vc_tta_section title=&#8221;Obtenez des remboursements?&#8221; tab_id=&#8221;1461510209655-e668f782-a044&#8243;][vc_column_text]Yes you can! You can cancel your order up to 24hrs before your scheduled pickup time for a full refund.[\/vc_column_text][\/vc_tta_section][vc_tta_section title=&#8221;Serai-je factur\u00e9 si mon vol est retard\u00e9?&#8221; tab_id=&#8221;1593866918091-1285005c-94e5&#8243;][vc_column_text]No, we monitor flight times and arrive when you do.[\/vc_column_text][\/vc_tta_section][vc_tta_section title=&#8221;Et si je n&#8217;arrive pas \u00e0 localiser mon chauffeur?&#8221; tab_id=&#8221;1593866950275-ca21d8f8-02b3&#8243;][vc_column_text]Call our 24hr support line on +33 (0) 20 0000 003, quoting your transfer order reference number or your name and our experienced staff will be able to assist.[\/vc_column_text][\/vc_tta_section][\/vc_tta_accordion][\/vc_column][vc_column width=&#8221;1\/2&#8243;][vc_tta_accordion active_section=&#8221;1&#8243; collapsible_all=&#8221;true&#8221;][vc_tta_section title=&#8221;Comment trouver mon chauffeur ?&#8221; tab_id=&#8221;1461507298174-1f755ecb-1457&#8243;][vc_column_text]<\/p>\n<ol>\n<li>Important note: the driver will meet you with nameplate sign showing your first and last names, which you specified during the booking.<\/li>\n<li>If a pick-up place is an airport, our driver and airport representatives will be at the exit of arrivals area of the airport after you passed passport control and claimed baggage.<\/li>\n<li>If a pick-up place is a hotel, the driver will wait for you in the hotel lobby.<\/li>\n<\/ol>\n<p>[\/vc_column_text][\/vc_tta_section][vc_tta_section title=&#8221;R\u00e9servation r\u00e9ussie et confirmation?&#8221; tab_id=&#8221;1461507298429-946e1b69-1745&#8243;][vc_column_text]After you make your booking, you will receive a confirmation email with a voucher containing your booking number and all the details of your trip.<\/p>\n<p>If you have not received the email with the confirmation, please contact our bookings department by emailing or phone .[\/vc_column_text][\/vc_tta_section][vc_tta_section title=&#8221;Faites-vous payer le si\u00e8ge enfant?&#8221; tab_id=&#8221;1461510136863-601ae6f4-0abf&#8221;][vc_column_text]oncerning the safety of children we do provide FREE Child seats on Estate, MPV-5, MPV7 &amp; MPV-8 vehicles. You must request on the booking. We provide 3 types of child seats Which are Infant seat 10-13KG 6-15 months, Child seat 9-18KG 9 months to 4 years &amp; booster seat 15\/25KG 4-11 Years.[\/vc_column_text][\/vc_tta_section][\/vc_tta_accordion][\/vc_column][\/vc_row]<\/p>\n<\/div>","protected":false},"excerpt":{"rendered":"<p>[vc_row][vc_column][vc_row_inner el_class=&#8221;container&#8221; css=&#8221;.vc_custom_1461511058417{padding-top: 50px !important;padding-bottom: 30px !important;}&#8221;][vc_column_inner][vc_column_text][\/vc_column_text][\/vc_column_inner][\/vc_row_inner][\/vc_column][\/vc_row][vc_row el_class=&#8221;container fqp-page&#8221; css=&#8221;.vc_custom_1461511505988{padding-bottom: 50px !important;}&#8221;][vc_column width=&#8221;1\/2&#8243;][vc_tta_accordion active_section=&#8221;0&#8243;][vc_tta_section title=&#8221;Comment r\u00e9server un transfert ?&#8221; tab_id=&#8221;1461510208227-c158b435-a493&#8243;][vc_column_text] Sp\u00e9cifiez le lieu de d\u00e9part dans le champ &#8220;Lieu de prise en charge&#8221; et votre destination &#8211; dans le champ &#8220;Lieu de restitution&#8221;. Entrez votre date et heure de prise en charge. Cliquez sur le [&hellip;]<\/p>\n","protected":false},"author":1,"featured_media":0,"parent":0,"menu_order":0,"comment_status":"closed","ping_status":"closed","template":"page-fullwidth.php","meta":{"footnotes":""},"class_list":["post-941","page","type-page","status-publish","hentry"],"yoast_head":"<!-- This site is optimized with the Yoast SEO plugin v26.8 - https:\/\/yoast.com\/product\/yoast-seo-wordpress\/ -->\n<title>FAQ - Riro wordpress taxi theme<\/title>\n<meta name=\"robots\" content=\"index, follow, max-snippet:-1, max-image-preview:large, max-video-preview:-1\" \/>\n<link rel=\"canonical\" href=\"https:\/\/wpdemo.kimarotec.net\/riro-taxi-theme\/fr\/faq\/\" \/>\n<meta property=\"og:locale\" content=\"en_US\" \/>\n<meta property=\"og:type\" content=\"article\" \/>\n<meta property=\"og:title\" content=\"FAQ - Riro wordpress taxi theme\" \/>\n<meta property=\"og:description\" content=\"[vc_row][vc_column][vc_row_inner el_class=&#8221;container&#8221; css=&#8221;.vc_custom_1461511058417{padding-top: 50px !important;padding-bottom: 30px !important;}&#8221;][vc_column_inner][vc_column_text][\/vc_column_text][\/vc_column_inner][\/vc_row_inner][\/vc_column][\/vc_row][vc_row el_class=&#8221;container fqp-page&#8221; css=&#8221;.vc_custom_1461511505988{padding-bottom: 50px !important;}&#8221;][vc_column width=&#8221;1\/2&#8243;][vc_tta_accordion active_section=&#8221;0&#8243;][vc_tta_section title=&#8221;Comment r\u00e9server un transfert ?&#8221; tab_id=&#8221;1461510208227-c158b435-a493&#8243;][vc_column_text] Sp\u00e9cifiez le lieu de d\u00e9part dans le champ &#8220;Lieu de prise en charge&#8221; et votre destination &#8211; dans le champ &#8220;Lieu de restitution&#8221;. Entrez votre date et heure de prise en charge. Cliquez sur le [&hellip;]\" \/>\n<meta property=\"og:url\" content=\"https:\/\/wpdemo.kimarotec.net\/riro-taxi-theme\/fr\/faq\/\" \/>\n<meta property=\"og:site_name\" content=\"Riro wordpress taxi theme\" \/>\n<meta property=\"article:modified_time\" content=\"2020-07-04T16:56:07+00:00\" \/>\n<meta name=\"twitter:card\" content=\"summary_large_image\" \/>\n<meta name=\"twitter:label1\" content=\"Est. reading time\" \/>\n\t<meta name=\"twitter:data1\" content=\"3 minutes\" \/>\n<script type=\"application\/ld+json\" class=\"yoast-schema-graph\">{\"@context\":\"https:\/\/schema.org\",\"@graph\":[{\"@type\":\"WebPage\",\"@id\":\"https:\/\/wpdemo.kimarotec.net\/riro-taxi-theme\/fr\/faq\/\",\"url\":\"https:\/\/wpdemo.kimarotec.net\/riro-taxi-theme\/fr\/faq\/\",\"name\":\"FAQ - Riro wordpress taxi theme\",\"isPartOf\":{\"@id\":\"https:\/\/wpdemo.kimarotec.net\/riro-taxi-theme\/#website\"},\"datePublished\":\"2017-03-08T15:31:38+00:00\",\"dateModified\":\"2020-07-04T16:56:07+00:00\",\"breadcrumb\":{\"@id\":\"https:\/\/wpdemo.kimarotec.net\/riro-taxi-theme\/fr\/faq\/#breadcrumb\"},\"inLanguage\":\"en-US\",\"potentialAction\":[{\"@type\":\"ReadAction\",\"target\":[\"https:\/\/wpdemo.kimarotec.net\/riro-taxi-theme\/fr\/faq\/\"]}]},{\"@type\":\"BreadcrumbList\",\"@id\":\"https:\/\/wpdemo.kimarotec.net\/riro-taxi-theme\/fr\/faq\/#breadcrumb\",\"itemListElement\":[{\"@type\":\"ListItem\",\"position\":1,\"name\":\"Home\",\"item\":\"https:\/\/wpdemo.kimarotec.net\/riro-taxi-theme\/\"},{\"@type\":\"ListItem\",\"position\":2,\"name\":\"FAQ\"}]},{\"@type\":\"WebSite\",\"@id\":\"https:\/\/wpdemo.kimarotec.net\/riro-taxi-theme\/#website\",\"url\":\"https:\/\/wpdemo.kimarotec.net\/riro-taxi-theme\/\",\"name\":\"Riro wordpress taxi theme\",\"description\":\"Wordpress taxi , vtc , booking car theme\",\"potentialAction\":[{\"@type\":\"SearchAction\",\"target\":{\"@type\":\"EntryPoint\",\"urlTemplate\":\"https:\/\/wpdemo.kimarotec.net\/riro-taxi-theme\/?s={search_term_string}\"},\"query-input\":{\"@type\":\"PropertyValueSpecification\",\"valueRequired\":true,\"valueName\":\"search_term_string\"}}],\"inLanguage\":\"en-US\"}]}<\/script>\n<!-- \/ Yoast SEO plugin. -->","yoast_head_json":{"title":"FAQ - Riro wordpress taxi theme","robots":{"index":"index","follow":"follow","max-snippet":"max-snippet:-1","max-image-preview":"max-image-preview:large","max-video-preview":"max-video-preview:-1"},"canonical":"https:\/\/wpdemo.kimarotec.net\/riro-taxi-theme\/fr\/faq\/","og_locale":"en_US","og_type":"article","og_title":"FAQ - Riro wordpress taxi theme","og_description":"[vc_row][vc_column][vc_row_inner el_class=&#8221;container&#8221; css=&#8221;.vc_custom_1461511058417{padding-top: 50px !important;padding-bottom: 30px !important;}&#8221;][vc_column_inner][vc_column_text][\/vc_column_text][\/vc_column_inner][\/vc_row_inner][\/vc_column][\/vc_row][vc_row el_class=&#8221;container fqp-page&#8221; css=&#8221;.vc_custom_1461511505988{padding-bottom: 50px !important;}&#8221;][vc_column width=&#8221;1\/2&#8243;][vc_tta_accordion active_section=&#8221;0&#8243;][vc_tta_section title=&#8221;Comment r\u00e9server un transfert ?&#8221; tab_id=&#8221;1461510208227-c158b435-a493&#8243;][vc_column_text] Sp\u00e9cifiez le lieu de d\u00e9part dans le champ &#8220;Lieu de prise en charge&#8221; et votre destination &#8211; dans le champ &#8220;Lieu de restitution&#8221;. Entrez votre date et heure de prise en charge. Cliquez sur le [&hellip;]","og_url":"https:\/\/wpdemo.kimarotec.net\/riro-taxi-theme\/fr\/faq\/","og_site_name":"Riro wordpress taxi theme","article_modified_time":"2020-07-04T16:56:07+00:00","twitter_card":"summary_large_image","twitter_misc":{"Est. reading time":"3 minutes"},"schema":{"@context":"https:\/\/schema.org","@graph":[{"@type":"WebPage","@id":"https:\/\/wpdemo.kimarotec.net\/riro-taxi-theme\/fr\/faq\/","url":"https:\/\/wpdemo.kimarotec.net\/riro-taxi-theme\/fr\/faq\/","name":"FAQ - Riro wordpress taxi theme","isPartOf":{"@id":"https:\/\/wpdemo.kimarotec.net\/riro-taxi-theme\/#website"},"datePublished":"2017-03-08T15:31:38+00:00","dateModified":"2020-07-04T16:56:07+00:00","breadcrumb":{"@id":"https:\/\/wpdemo.kimarotec.net\/riro-taxi-theme\/fr\/faq\/#breadcrumb"},"inLanguage":"en-US","potentialAction":[{"@type":"ReadAction","target":["https:\/\/wpdemo.kimarotec.net\/riro-taxi-theme\/fr\/faq\/"]}]},{"@type":"BreadcrumbList","@id":"https:\/\/wpdemo.kimarotec.net\/riro-taxi-theme\/fr\/faq\/#breadcrumb","itemListElement":[{"@type":"ListItem","position":1,"name":"Home","item":"https:\/\/wpdemo.kimarotec.net\/riro-taxi-theme\/"},{"@type":"ListItem","position":2,"name":"FAQ"}]},{"@type":"WebSite","@id":"https:\/\/wpdemo.kimarotec.net\/riro-taxi-theme\/#website","url":"https:\/\/wpdemo.kimarotec.net\/riro-taxi-theme\/","name":"Riro wordpress taxi theme","description":"Wordpress taxi , vtc , booking car theme","potentialAction":[{"@type":"SearchAction","target":{"@type":"EntryPoint","urlTemplate":"https:\/\/wpdemo.kimarotec.net\/riro-taxi-theme\/?s={search_term_string}"},"query-input":{"@type":"PropertyValueSpecification","valueRequired":true,"valueName":"search_term_string"}}],"inLanguage":"en-US"}]}},"_links":{"self":[{"href":"https:\/\/wpdemo.kimarotec.net\/riro-taxi-theme\/wp-json\/wp\/v2\/pages\/941","targetHints":{"allow":["GET"]}}],"collection":[{"href":"https:\/\/wpdemo.kimarotec.net\/riro-taxi-theme\/wp-json\/wp\/v2\/pages"}],"about":[{"href":"https:\/\/wpdemo.kimarotec.net\/riro-taxi-theme\/wp-json\/wp\/v2\/types\/page"}],"author":[{"embeddable":true,"href":"https:\/\/wpdemo.kimarotec.net\/riro-taxi-theme\/wp-json\/wp\/v2\/users\/1"}],"replies":[{"embeddable":true,"href":"https:\/\/wpdemo.kimarotec.net\/riro-taxi-theme\/wp-json\/wp\/v2\/comments?post=941"}],"version-history":[{"count":3,"href":"https:\/\/wpdemo.kimarotec.net\/riro-taxi-theme\/wp-json\/wp\/v2\/pages\/941\/revisions"}],"predecessor-version":[{"id":1714,"href":"https:\/\/wpdemo.kimarotec.net\/riro-taxi-theme\/wp-json\/wp\/v2\/pages\/941\/revisions\/1714"}],"wp:attachment":[{"href":"https:\/\/wpdemo.kimarotec.net\/riro-taxi-theme\/wp-json\/wp\/v2\/media?parent=941"}],"curies":[{"name":"wp","href":"https:\/\/api.w.org\/{rel}","templated":true}]}}